{"id":32,"date":"2022-11-03T10:00:54","date_gmt":"2022-11-03T09:00:54","guid":{"rendered":"http:\/\/www.ancier.fr\/colibri-wp\/"},"modified":"2026-03-03T21:59:23","modified_gmt":"2026-03-03T20:59:23","slug":"colibri-wp","status":"publish","type":"page","link":"https:\/\/www.ancier.fr\/","title":{"rendered":"Front Page"},"content":{"rendered":"<div data-colibri-id=\"32-c1\" class=\"style-190 style-local-32-c1 position-relative\">\n  <!---->\n  <div data-colibri-component=\"section\" data-colibri-id=\"32-c2\" id=\"custom\" class=\"h-section h-section-global-spacing d-flex align-items-lg-center align-items-md-center align-items-center style-362 style-local-32-c2 position-relative\">\n    <!---->\n    <!---->\n    <div class=\"h-section-grid-container h-section-boxed-container\">\n      <div data-colibri-id=\"32-c15\" class=\"h-row-container gutters-row-lg-2 gutters-row-md-2 gutters-row-0 gutters-row-v-lg-2 gutters-row-v-md-2 gutters-row-v-2 style-381 style-local-32-c15 position-relative\">\n        <!---->\n        <div class=\"h-row justify-content-lg-center justify-content-md-center justify-content-center align-items-lg-stretch align-items-md-stretch align-items-stretch gutters-col-lg-2 gutters-col-md-2 gutters-col-0 gutters-col-v-lg-2 gutters-col-v-md-2 gutters-col-v-2\">\n          <!---->\n          <div class=\"h-column h-column-container d-flex h-col-lg-auto h-col-md-auto h-col-auto style-382-outer style-local-32-c16-outer\">\n            <div data-colibri-id=\"32-c16\" class=\"d-flex h-flex-basis h-column__inner h-px-lg-2 h-px-md-2 h-px-2 v-inner-lg-2 v-inner-md-2 v-inner-2 style-382 style-local-32-c16 position-relative\">\n              <!---->\n              <!---->\n              <div class=\"w-100 h-y-container h-column__content h-column__v-align flex-basis-100 align-self-lg-start align-self-md-start align-self-start\">\n                <!---->\n                <div data-colibri-id=\"32-c17\" class=\"h-global-transition-all h-heading style-383 style-local-32-c17 position-relative h-element\">\n                  <!---->\n                  <div class=\"h-heading__outer style-383 style-local-32-c17\">\n                    <!---->\n                    <!---->\n                    <h2 class=\"\"><span data-animation-duration=\"3\" data-type-animation=\"rotate-1\" data-colibri-component=\"fancy-title\"><span class=\"ah-headline rotate-1\"><span style=\"position: relative\" class=\"ah-words-wrapper\"><b class=\"is-visible\">Actualit\u00e9s<\/b><b>Nouveaut\u00e9s<\/b><\/span><\/span>\n                      <\/span>\n                    <\/h2>\n                  <\/div>\n                <\/div>\n              <\/div>\n            <\/div>\n          <\/div>\n        <\/div>\n      <\/div>\n      <div data-colibri-id=\"32-c3\" class=\"h-row-container gutters-row-lg-3 gutters-row-md-3 gutters-row-0 gutters-row-v-lg-3 gutters-row-v-md-3 gutters-row-v-3 colibri-dynamic-list style-367 style-local-32-c3 position-relative\">\n        <!---->\n        <div data-colibri-component=\"\" class=\"h-row justify-content-lg-center justify-content-md-center justify-content-center align-items-lg-stretch align-items-md-stretch align-items-stretch gutters-col-lg-3 gutters-col-md-3 gutters-col-0 gutters-col-v-lg-3 gutters-col-v-md-3 gutters-col-v-3 style-367-row style-local-32-c3-row\">\n          <!---->\n        <div class=\"h-column h-column-container d-flex h-col-lg-4 h-col-md-6 h-col-12 post-16486 post type-post status-publish format-standard hentry category-informations masonry-item style-368-outer style-local-32-c4-outer\"><div data-colibri-id=\"32-c4\" class=\"d-flex h-flex-basis h-column__inner h-px-lg-0 h-px-md-0 h-px-0 v-inner-lg-0 v-inner-md-0 v-inner-0 style-368 style-local-32-c4 position-relative\"> <div class=\"w-100 h-y-container h-column__content h-column__v-align flex-basis-100 align-self-lg-start align-self-md-start align-self-start\"> <div data-colibri-id=\"32-c5\" class=\"h-row-container gutters-row-lg-1 gutters-row-md-1 gutters-row-2 gutters-row-v-lg-1 gutters-row-v-md-1 gutters-row-v-1 style-370 style-local-32-c5 position-relative\"><div class=\"h-row justify-content-lg-center justify-content-md-center justify-content-center align-items-lg-stretch align-items-md-stretch align-items-stretch gutters-col-lg-1 gutters-col-md-1 gutters-col-2 gutters-col-v-lg-1 gutters-col-v-md-1 gutters-col-v-1\"> <div class=\"h-column h-column-container d-flex h-col-lg h-col-md h-col-auto style-371-outer style-local-32-c6-outer\"><div data-colibri-id=\"32-c6\" class=\"d-flex h-flex-basis h-column__inner h-px-lg-2 h-px-md-2 h-px-2 v-inner-lg-2 v-inner-md-2 v-inner-2 style-371 style-local-32-c6 position-relative\"> <div class=\"w-100 h-y-container h-column__content h-column__v-align flex-basis-100 align-self-lg-start align-self-md-start align-self-start\"> <div data-colibri-id=\"32-c7\" class=\"h-blog-title style-373 style-local-32-c7 position-relative h-element\"><div class=\"h-global-transition-all\"><a href=\"https:\/\/www.ancier.fr\/?p=16486\"><h4 class=\"colibri-word-wrap\">\ud83c\udf3f LA NATURE EST EN F\u00caTE AU VAL DE GRAY ! \ud83c\udf3f<\/h4><\/a><\/div><\/div><div data-colibri-id=\"32-c8\" class=\"style-374 style-local-32-c8 position-relative h-element\"><div class=\"h-global-transition-all\"><div class=\"colibri-post-excerpt\">\u200bDu 20 au 25 mai 2026, la Communaut\u00e9 de Communes Val de Gray se met au vert ! \ud83c\udf0d \u00c0 l\u2019occasion de la F\u00eate de la Nature, nous vous avons concoct\u00e9 un programme aux petits oignons, 100 % gratuit et ouvert \u00e0 tous. \u200bQue vous soyez [&hellip;]<\/div><\/div><\/div><\/div><\/div><\/div><\/div><\/div><div data-colibri-id=\"32-c9\" class=\"h-row-container gutters-row-lg-2 gutters-row-md-2 gutters-row-2 gutters-row-v-lg-2 gutters-row-v-md-2 gutters-row-v-2 style-375 style-local-32-c9 position-relative\"><div class=\"h-row justify-content-lg-center justify-content-md-center justify-content-center align-items-lg-stretch align-items-md-stretch align-items-stretch gutters-col-lg-2 gutters-col-md-2 gutters-col-2 gutters-col-v-lg-2 gutters-col-v-md-2 gutters-col-v-2\"> <div class=\"h-column h-column-container d-flex h-col-lg h-col-md h-col style-376-outer style-local-32-c10-outer\"><div data-colibri-id=\"32-c10\" class=\"d-flex h-flex-basis h-column__inner h-px-lg-2 h-px-md-2 h-px-2 v-inner-lg-0 v-inner-md-0 v-inner-0 style-376 style-local-32-c10 position-relative\"> <div class=\"w-100 h-y-container h-column__content h-column__v-align flex-basis-100 align-self-lg-center align-self-md-center align-self-center\"> <div data-colibri-id=\"32-c11\" class=\"h-blog-meta style-377 style-local-32-c11 position-relative h-element\"><div class=\"metadata-item\"> <a href=\"https:\/\/www.ancier.fr\/?m=20260415\">avril 15, 2026<\/a><\/div><\/div><\/div><\/div><\/div><div class=\"h-column h-column-container d-flex h-col-lg-auto h-col-md-auto h-col-auto style-378-outer style-local-32-c12-outer\"><div data-colibri-id=\"32-c12\" class=\"d-flex h-flex-basis h-column__inner h-px-lg-2 h-px-md-2 h-px-2 v-inner-lg-0 v-inner-md-0 v-inner-0 style-378 style-local-32-c12 position-relative\"> <div class=\"w-100 h-y-container h-column__content h-column__v-align flex-basis-auto align-self-lg-center align-self-md-center align-self-center\"> <div data-colibri-id=\"32-c13\" class=\"h-x-container style-379 style-local-32-c13 position-relative h-element\"><div class=\"h-x-container-inner style-dynamic-32-c13-group\"><span class=\"h-button__outer style-380-outer style-local-32-c14-outer d-inline-flex h-element\"><a href=\"https:\/\/www.ancier.fr\/?p=16486\" data-colibri-id=\"32-c14\" class=\"d-flex w-100 align-items-center h-button justify-content-lg-center justify-content-md-center justify-content-center style-380 style-local-32-c14 position-relative\"> <span>Plus&#8230;<\/span> <span class=\"h-svg-icon h-button__icon style-380-icon style-local-32-c14-icon\"><svg version=\"1.1\" xmlns=\"http:\/\/www.w3.org\/2000\/svg\" xmlns:xlink=\"http:\/\/www.w3.org\/1999\/xlink\" id=\"arrow-right\" viewBox=\"0 0 512 545.5\"><path d=\"M299.5 140.5l136 136 11 11.5-11 11.5-136 136-23-23L385 304H64v-32h321L276.5 163.5z\"><\/path><\/svg><\/span><\/a><\/span><\/div><\/div><\/div><\/div><\/div><\/div><\/div><\/div><\/div><\/div>\n      \n      \n        <div class=\"h-column h-column-container d-flex h-col-lg-4 h-col-md-6 h-col-12 post-16483 post type-post status-publish format-standard hentry category-comite-des-fetes masonry-item style-368-outer style-local-32-c4-outer\"><div data-colibri-id=\"32-c4\" class=\"d-flex h-flex-basis h-column__inner h-px-lg-0 h-px-md-0 h-px-0 v-inner-lg-0 v-inner-md-0 v-inner-0 style-368 style-local-32-c4 position-relative\"> <div class=\"w-100 h-y-container h-column__content h-column__v-align flex-basis-100 align-self-lg-start align-self-md-start align-self-start\"> <div data-colibri-id=\"32-c5\" class=\"h-row-container gutters-row-lg-1 gutters-row-md-1 gutters-row-2 gutters-row-v-lg-1 gutters-row-v-md-1 gutters-row-v-1 style-370 style-local-32-c5 position-relative\"><div class=\"h-row justify-content-lg-center justify-content-md-center justify-content-center align-items-lg-stretch align-items-md-stretch align-items-stretch gutters-col-lg-1 gutters-col-md-1 gutters-col-2 gutters-col-v-lg-1 gutters-col-v-md-1 gutters-col-v-1\"> <div class=\"h-column h-column-container d-flex h-col-lg h-col-md h-col-auto style-371-outer style-local-32-c6-outer\"><div data-colibri-id=\"32-c6\" class=\"d-flex h-flex-basis h-column__inner h-px-lg-2 h-px-md-2 h-px-2 v-inner-lg-2 v-inner-md-2 v-inner-2 style-371 style-local-32-c6 position-relative\"> <div class=\"w-100 h-y-container h-column__content h-column__v-align flex-basis-100 align-self-lg-start align-self-md-start align-self-start\"> <div data-colibri-id=\"32-c7\" class=\"h-blog-title style-373 style-local-32-c7 position-relative h-element\"><div class=\"h-global-transition-all\"><a href=\"https:\/\/www.ancier.fr\/?p=16483\"><h4 class=\"colibri-word-wrap\">\ud83d\udc5f PR\u00caTS POUR LA 25\u00e8me \u00c9DITION ? \ud83c\udf38<\/h4><\/a><\/div><\/div><div data-colibri-id=\"32-c8\" class=\"style-374 style-local-32-c8 position-relative h-element\"><div class=\"h-global-transition-all\"><div class=\"colibri-post-excerpt\">\u200bLe printemps est l\u00e0, et avec lui notre traditionnelle Randonn\u00e9e de Printemps \u00e0 Ancier ! Que vous soyez marcheur aguerri ou promeneur du dimanche, venez profiter d&rsquo;un bol d&rsquo;air frais avec nous. \u200b\ud83d\udccd Le parcours : 10 km accessibles \u00e0 tous (sans difficult\u00e9 particuli\u00e8re). \ud83d\udd59 Dimanche [&hellip;]<\/div><\/div><\/div><\/div><\/div><\/div><\/div><\/div><div data-colibri-id=\"32-c9\" class=\"h-row-container gutters-row-lg-2 gutters-row-md-2 gutters-row-2 gutters-row-v-lg-2 gutters-row-v-md-2 gutters-row-v-2 style-375 style-local-32-c9 position-relative\"><div class=\"h-row justify-content-lg-center justify-content-md-center justify-content-center align-items-lg-stretch align-items-md-stretch align-items-stretch gutters-col-lg-2 gutters-col-md-2 gutters-col-2 gutters-col-v-lg-2 gutters-col-v-md-2 gutters-col-v-2\"> <div class=\"h-column h-column-container d-flex h-col-lg h-col-md h-col style-376-outer style-local-32-c10-outer\"><div data-colibri-id=\"32-c10\" class=\"d-flex h-flex-basis h-column__inner h-px-lg-2 h-px-md-2 h-px-2 v-inner-lg-0 v-inner-md-0 v-inner-0 style-376 style-local-32-c10 position-relative\"> <div class=\"w-100 h-y-container h-column__content h-column__v-align flex-basis-100 align-self-lg-center align-self-md-center align-self-center\"> <div data-colibri-id=\"32-c11\" class=\"h-blog-meta style-377 style-local-32-c11 position-relative h-element\"><div class=\"metadata-item\"> <a href=\"https:\/\/www.ancier.fr\/?m=20260409\">avril 9, 2026<\/a><\/div><\/div><\/div><\/div><\/div><div class=\"h-column h-column-container d-flex h-col-lg-auto h-col-md-auto h-col-auto style-378-outer style-local-32-c12-outer\"><div data-colibri-id=\"32-c12\" class=\"d-flex h-flex-basis h-column__inner h-px-lg-2 h-px-md-2 h-px-2 v-inner-lg-0 v-inner-md-0 v-inner-0 style-378 style-local-32-c12 position-relative\"> <div class=\"w-100 h-y-container h-column__content h-column__v-align flex-basis-auto align-self-lg-center align-self-md-center align-self-center\"> <div data-colibri-id=\"32-c13\" class=\"h-x-container style-379 style-local-32-c13 position-relative h-element\"><div class=\"h-x-container-inner style-dynamic-32-c13-group\"><span class=\"h-button__outer style-380-outer style-local-32-c14-outer d-inline-flex h-element\"><a href=\"https:\/\/www.ancier.fr\/?p=16483\" data-colibri-id=\"32-c14\" class=\"d-flex w-100 align-items-center h-button justify-content-lg-center justify-content-md-center justify-content-center style-380 style-local-32-c14 position-relative\"> <span>Plus&#8230;<\/span> <span class=\"h-svg-icon h-button__icon style-380-icon style-local-32-c14-icon\"><svg version=\"1.1\" xmlns=\"http:\/\/www.w3.org\/2000\/svg\" xmlns:xlink=\"http:\/\/www.w3.org\/1999\/xlink\" id=\"arrow-right\" viewBox=\"0 0 512 545.5\"><path d=\"M299.5 140.5l136 136 11 11.5-11 11.5-136 136-23-23L385 304H64v-32h321L276.5 163.5z\"><\/path><\/svg><\/span><\/a><\/span><\/div><\/div><\/div><\/div><\/div><\/div><\/div><\/div><\/div><\/div>\n      \n      \n        <div class=\"h-column h-column-container d-flex h-col-lg-4 h-col-md-6 h-col-12 post-16474 post type-post status-publish format-standard hentry category-bien-vivre-ensemble masonry-item style-368-outer style-local-32-c4-outer\"><div data-colibri-id=\"32-c4\" class=\"d-flex h-flex-basis h-column__inner h-px-lg-0 h-px-md-0 h-px-0 v-inner-lg-0 v-inner-md-0 v-inner-0 style-368 style-local-32-c4 position-relative\"> <div class=\"w-100 h-y-container h-column__content h-column__v-align flex-basis-100 align-self-lg-start align-self-md-start align-self-start\"> <div data-colibri-id=\"32-c5\" class=\"h-row-container gutters-row-lg-1 gutters-row-md-1 gutters-row-2 gutters-row-v-lg-1 gutters-row-v-md-1 gutters-row-v-1 style-370 style-local-32-c5 position-relative\"><div class=\"h-row justify-content-lg-center justify-content-md-center justify-content-center align-items-lg-stretch align-items-md-stretch align-items-stretch gutters-col-lg-1 gutters-col-md-1 gutters-col-2 gutters-col-v-lg-1 gutters-col-v-md-1 gutters-col-v-1\"> <div class=\"h-column h-column-container d-flex h-col-lg h-col-md h-col-auto style-371-outer style-local-32-c6-outer\"><div data-colibri-id=\"32-c6\" class=\"d-flex h-flex-basis h-column__inner h-px-lg-2 h-px-md-2 h-px-2 v-inner-lg-2 v-inner-md-2 v-inner-2 style-371 style-local-32-c6 position-relative\"> <div class=\"w-100 h-y-container h-column__content h-column__v-align flex-basis-100 align-self-lg-start align-self-md-start align-self-start\"> <div data-colibri-id=\"32-c7\" class=\"h-blog-title style-373 style-local-32-c7 position-relative h-element\"><div class=\"h-global-transition-all\"><a href=\"https:\/\/www.ancier.fr\/?p=16474\"><h4 class=\"colibri-word-wrap\">LUTTE CONTRE LE BRUIT<\/h4><\/a><\/div><\/div><div data-colibri-id=\"32-c8\" class=\"style-374 style-local-32-c8 position-relative h-element\"><div class=\"h-global-transition-all\"><div class=\"colibri-post-excerpt\">La mairie a r\u00e9cemment re\u00e7u plusieurs signalements concernant des nuisances sonores (tonte, bricolage) en dehors des cr\u00e9neaux autoris\u00e9s. \u200bLe bien-vivre ensemble repose sur le respect du repos de chacun. Nous vous remercions de bien vouloir limiter les travaux bruyants aux horaires suivants: \u23f0 En semaine et [&hellip;]<\/div><\/div><\/div><\/div><\/div><\/div><\/div><\/div><div data-colibri-id=\"32-c9\" class=\"h-row-container gutters-row-lg-2 gutters-row-md-2 gutters-row-2 gutters-row-v-lg-2 gutters-row-v-md-2 gutters-row-v-2 style-375 style-local-32-c9 position-relative\"><div class=\"h-row justify-content-lg-center justify-content-md-center justify-content-center align-items-lg-stretch align-items-md-stretch align-items-stretch gutters-col-lg-2 gutters-col-md-2 gutters-col-2 gutters-col-v-lg-2 gutters-col-v-md-2 gutters-col-v-2\"> <div class=\"h-column h-column-container d-flex h-col-lg h-col-md h-col style-376-outer style-local-32-c10-outer\"><div data-colibri-id=\"32-c10\" class=\"d-flex h-flex-basis h-column__inner h-px-lg-2 h-px-md-2 h-px-2 v-inner-lg-0 v-inner-md-0 v-inner-0 style-376 style-local-32-c10 position-relative\"> <div class=\"w-100 h-y-container h-column__content h-column__v-align flex-basis-100 align-self-lg-center align-self-md-center align-self-center\"> <div data-colibri-id=\"32-c11\" class=\"h-blog-meta style-377 style-local-32-c11 position-relative h-element\"><div class=\"metadata-item\"> <a href=\"https:\/\/www.ancier.fr\/?m=20260403\">avril 3, 2026<\/a><\/div><\/div><\/div><\/div><\/div><div class=\"h-column h-column-container d-flex h-col-lg-auto h-col-md-auto h-col-auto style-378-outer style-local-32-c12-outer\"><div data-colibri-id=\"32-c12\" class=\"d-flex h-flex-basis h-column__inner h-px-lg-2 h-px-md-2 h-px-2 v-inner-lg-0 v-inner-md-0 v-inner-0 style-378 style-local-32-c12 position-relative\"> <div class=\"w-100 h-y-container h-column__content h-column__v-align flex-basis-auto align-self-lg-center align-self-md-center align-self-center\"> <div data-colibri-id=\"32-c13\" class=\"h-x-container style-379 style-local-32-c13 position-relative h-element\"><div class=\"h-x-container-inner style-dynamic-32-c13-group\"><span class=\"h-button__outer style-380-outer style-local-32-c14-outer d-inline-flex h-element\"><a href=\"https:\/\/www.ancier.fr\/?p=16474\" data-colibri-id=\"32-c14\" class=\"d-flex w-100 align-items-center h-button justify-content-lg-center justify-content-md-center justify-content-center style-380 style-local-32-c14 position-relative\"> <span>Plus&#8230;<\/span> <span class=\"h-svg-icon h-button__icon style-380-icon style-local-32-c14-icon\"><svg version=\"1.1\" xmlns=\"http:\/\/www.w3.org\/2000\/svg\" xmlns:xlink=\"http:\/\/www.w3.org\/1999\/xlink\" id=\"arrow-right\" viewBox=\"0 0 512 545.5\"><path d=\"M299.5 140.5l136 136 11 11.5-11 11.5-136 136-23-23L385 304H64v-32h321L276.5 163.5z\"><\/path><\/svg><\/span><\/a><\/span><\/div><\/div><\/div><\/div><\/div><\/div><\/div><\/div><\/div><\/div>\n      \n      \n          <\/div>\n      <\/div>\n    <\/div>\n  <\/div>\n<\/div>","protected":false},"excerpt":{"rendered":"<p>Actualit\u00e9sNouveaut\u00e9s<\/p>\n","protected":false},"author":2,"featured_media":0,"parent":0,"menu_order":0,"comment_status":"closed","ping_status":"closed","template":"page-templates\/homepage.php","meta":{"footnotes":""},"class_list":["post-32","page","type-page","status-publish","hentry"],"yoast_head":"<!-- This site is optimized with the Yoast SEO Premium plugin v27.2 (Yoast SEO v27.2) - https:\/\/yoast.com\/product\/yoast-seo-premium-wordpress\/ -->\n<title>Front Page - Commune d&#039;Ancier<\/title>\n<meta name=\"robots\" content=\"index, follow, max-snippet:-1, max-image-preview:large, max-video-preview:-1\" \/>\n<link rel=\"canonical\" href=\"https:\/\/www.ancier.fr\/\" \/>\n<meta property=\"og:locale\" content=\"fr_FR\" \/>\n<meta property=\"og:type\" content=\"article\" \/>\n<meta property=\"og:title\" content=\"Front Page\" \/>\n<meta property=\"og:description\" content=\"Actualit\u00e9sNouveaut\u00e9s\" \/>\n<meta property=\"og:url\" content=\"https:\/\/www.ancier.fr\/\" \/>\n<meta property=\"og:site_name\" content=\"Commune d&#039;Ancier\" \/>\n<meta property=\"article:publisher\" content=\"https:\/\/www.facebook.com\/JCA70\" \/>\n<meta property=\"article:modified_time\" content=\"2026-03-03T20:59:23+00:00\" \/>\n<meta name=\"twitter:card\" content=\"summary_large_image\" \/>\n<meta name=\"twitter:label1\" content=\"Dur\u00e9e de lecture estim\u00e9e\" \/>\n\t<meta name=\"twitter:data1\" content=\"3 minutes\" \/>\n<script type=\"application\/ld+json\" class=\"yoast-schema-graph\">{\"@context\":\"https:\/\/schema.org\",\"@graph\":[{\"@type\":\"WebPage\",\"@id\":\"https:\/\/www.ancier.fr\/\",\"url\":\"https:\/\/www.ancier.fr\/\",\"name\":\"Front Page - Commune d&#039;Ancier\",\"isPartOf\":{\"@id\":\"https:\/\/www.ancier.fr\/#website\"},\"datePublished\":\"2022-11-03T09:00:54+00:00\",\"dateModified\":\"2026-03-03T20:59:23+00:00\",\"breadcrumb\":{\"@id\":\"https:\/\/www.ancier.fr\/#breadcrumb\"},\"inLanguage\":\"fr-FR\",\"potentialAction\":[{\"@type\":\"ReadAction\",\"target\":[\"https:\/\/www.ancier.fr\/\"]}]},{\"@type\":\"BreadcrumbList\",\"@id\":\"https:\/\/www.ancier.fr\/#breadcrumb\",\"itemListElement\":[{\"@type\":\"ListItem\",\"position\":1,\"name\":\"Accueil\",\"item\":\"https:\/\/www.ancier.fr\/\"},{\"@type\":\"ListItem\",\"position\":2,\"name\":\"Front Page\"}]},{\"@type\":\"WebSite\",\"@id\":\"https:\/\/www.ancier.fr\/#website\",\"url\":\"https:\/\/www.ancier.fr\/\",\"name\":\"Commune d'Ancier\",\"description\":\"Site de la commune d&#039;Ancier\",\"publisher\":{\"@id\":\"https:\/\/www.ancier.fr\/#organization\"},\"potentialAction\":[{\"@type\":\"SearchAction\",\"target\":{\"@type\":\"EntryPoint\",\"urlTemplate\":\"https:\/\/www.ancier.fr\/?s={search_term_string}\"},\"query-input\":{\"@type\":\"PropertyValueSpecification\",\"valueRequired\":true,\"valueName\":\"search_term_string\"}}],\"inLanguage\":\"fr-FR\"},{\"@type\":\"Organization\",\"@id\":\"https:\/\/www.ancier.fr\/#organization\",\"name\":\"Commune d'Ancier\",\"url\":\"https:\/\/www.ancier.fr\/\",\"logo\":{\"@type\":\"ImageObject\",\"inLanguage\":\"fr-FR\",\"@id\":\"https:\/\/www.ancier.fr\/#\/schema\/logo\/image\/\",\"url\":\"https:\/\/www.ancier.fr\/wp-content\/uploads\/2026\/02\/cropped-FB_IMG_1649179786128.png\",\"contentUrl\":\"https:\/\/www.ancier.fr\/wp-content\/uploads\/2026\/02\/cropped-FB_IMG_1649179786128.png\",\"width\":931,\"height\":931,\"caption\":\"Commune d'Ancier\"},\"image\":{\"@id\":\"https:\/\/www.ancier.fr\/#\/schema\/logo\/image\/\"},\"sameAs\":[\"https:\/\/www.facebook.com\/JCA70\"]}]}<\/script>\n<!-- \/ Yoast SEO Premium plugin. -->","yoast_head_json":{"title":"Front Page - Commune d&#039;Ancier","robots":{"index":"index","follow":"follow","max-snippet":"max-snippet:-1","max-image-preview":"max-image-preview:large","max-video-preview":"max-video-preview:-1"},"canonical":"https:\/\/www.ancier.fr\/","og_locale":"fr_FR","og_type":"article","og_title":"Front Page","og_description":"Actualit\u00e9sNouveaut\u00e9s","og_url":"https:\/\/www.ancier.fr\/","og_site_name":"Commune d&#039;Ancier","article_publisher":"https:\/\/www.facebook.com\/JCA70","article_modified_time":"2026-03-03T20:59:23+00:00","twitter_card":"summary_large_image","twitter_misc":{"Dur\u00e9e de lecture estim\u00e9e":"3 minutes"},"schema":{"@context":"https:\/\/schema.org","@graph":[{"@type":"WebPage","@id":"https:\/\/www.ancier.fr\/","url":"https:\/\/www.ancier.fr\/","name":"Front Page - Commune d&#039;Ancier","isPartOf":{"@id":"https:\/\/www.ancier.fr\/#website"},"datePublished":"2022-11-03T09:00:54+00:00","dateModified":"2026-03-03T20:59:23+00:00","breadcrumb":{"@id":"https:\/\/www.ancier.fr\/#breadcrumb"},"inLanguage":"fr-FR","potentialAction":[{"@type":"ReadAction","target":["https:\/\/www.ancier.fr\/"]}]},{"@type":"BreadcrumbList","@id":"https:\/\/www.ancier.fr\/#breadcrumb","itemListElement":[{"@type":"ListItem","position":1,"name":"Accueil","item":"https:\/\/www.ancier.fr\/"},{"@type":"ListItem","position":2,"name":"Front Page"}]},{"@type":"WebSite","@id":"https:\/\/www.ancier.fr\/#website","url":"https:\/\/www.ancier.fr\/","name":"Commune d'Ancier","description":"Site de la commune d&#039;Ancier","publisher":{"@id":"https:\/\/www.ancier.fr\/#organization"},"potentialAction":[{"@type":"SearchAction","target":{"@type":"EntryPoint","urlTemplate":"https:\/\/www.ancier.fr\/?s={search_term_string}"},"query-input":{"@type":"PropertyValueSpecification","valueRequired":true,"valueName":"search_term_string"}}],"inLanguage":"fr-FR"},{"@type":"Organization","@id":"https:\/\/www.ancier.fr\/#organization","name":"Commune d'Ancier","url":"https:\/\/www.ancier.fr\/","logo":{"@type":"ImageObject","inLanguage":"fr-FR","@id":"https:\/\/www.ancier.fr\/#\/schema\/logo\/image\/","url":"https:\/\/www.ancier.fr\/wp-content\/uploads\/2026\/02\/cropped-FB_IMG_1649179786128.png","contentUrl":"https:\/\/www.ancier.fr\/wp-content\/uploads\/2026\/02\/cropped-FB_IMG_1649179786128.png","width":931,"height":931,"caption":"Commune d'Ancier"},"image":{"@id":"https:\/\/www.ancier.fr\/#\/schema\/logo\/image\/"},"sameAs":["https:\/\/www.facebook.com\/JCA70"]}]}},"_links":{"self":[{"href":"https:\/\/www.ancier.fr\/index.php?rest_route=\/wp\/v2\/pages\/32","targetHints":{"allow":["GET"]}}],"collection":[{"href":"https:\/\/www.ancier.fr\/index.php?rest_route=\/wp\/v2\/pages"}],"about":[{"href":"https:\/\/www.ancier.fr\/index.php?rest_route=\/wp\/v2\/types\/page"}],"author":[{"embeddable":true,"href":"https:\/\/www.ancier.fr\/index.php?rest_route=\/wp\/v2\/users\/2"}],"replies":[{"embeddable":true,"href":"https:\/\/www.ancier.fr\/index.php?rest_route=%2Fwp%2Fv2%2Fcomments&post=32"}],"version-history":[{"count":0,"href":"https:\/\/www.ancier.fr\/index.php?rest_route=\/wp\/v2\/pages\/32\/revisions"}],"wp:attachment":[{"href":"https:\/\/www.ancier.fr\/index.php?rest_route=%2Fwp%2Fv2%2Fmedia&parent=32"}],"curies":[{"name":"wp","href":"https:\/\/api.w.org\/{rel}","templated":true}]}}